{"id":1444,"date":"2023-01-18T11:36:49","date_gmt":"2023-01-18T10:36:49","guid":{"rendered":"https:\/\/optimel.se\/pulp\/"},"modified":"2024-03-04T14:13:50","modified_gmt":"2024-03-04T13:13:50","slug":"pulp","status":"publish","type":"page","link":"https:\/\/optimel.se\/en\/pulp\/","title":{"rendered":"pulp"},"content":{"rendered":"\t\t<div data-elementor-type=\"wp-page\" data-elementor-id=\"1444\" class=\"elementor elementor-1444 elementor-640\" data-elementor-post-type=\"page\">\n\t\t\t\t\t\t<section class=\"elementor-section elementor-top-section elementor-element elementor-element-d3df0aa elementor-section-boxed elementor-section-height-default elementor-section-height-default\" data-id=\"d3df0aa\" data-element_type=\"section\" data-settings=\"{&quot;jet_parallax_layout_list&quot;:[],&quot;background_background&quot;:&quot;classic&quot;}\">\n\t\t\t\t\t\t<div class=\"elementor-container elementor-column-gap-default\">\n\t\t\t\t\t<div class=\"elementor-column elementor-col-100 elementor-top-column elementor-element elementor-element-ecccb20\" data-id=\"ecccb20\" data-element_type=\"column\" data-settings=\"{&quot;background_background&quot;:&quot;classic&quot;}\">\n\t\t\t<div class=\"elementor-widget-wrap elementor-element-populated\">\n\t\t\t\t\t\t<div class=\"elementor-element elementor-element-cd2060a elementor-widget elementor-widget-spacer\" data-id=\"cd2060a\" data-element_type=\"widget\" data-widget_type=\"spacer.default\">\n\t\t\t\t<div class=\"elementor-widget-container\">\n\t\t\t\t\t\t\t<div class=\"elementor-spacer\">\n\t\t\t<div class=\"elementor-spacer-inner\"><\/div>\n\t\t<\/div>\n\t\t\t\t\t\t<\/div>\n\t\t\t\t<\/div>\n\t\t\t\t\t<\/div>\n\t\t<\/div>\n\t\t\t\t\t<\/div>\n\t\t<\/section>\n\t\t\t\t<section class=\"elementor-section elementor-top-section elementor-element elementor-element-aab4a23 elementor-section-boxed elementor-section-height-default elementor-section-height-default\" data-id=\"aab4a23\" data-element_type=\"section\" data-settings=\"{&quot;jet_parallax_layout_list&quot;:[]}\">\n\t\t\t\t\t\t<div class=\"elementor-container elementor-column-gap-default\">\n\t\t\t\t\t<div class=\"elementor-column elementor-col-100 elementor-top-column elementor-element elementor-element-9adc18c\" data-id=\"9adc18c\" data-element_type=\"column\" data-settings=\"{&quot;background_background&quot;:&quot;classic&quot;}\">\n\t\t\t<div class=\"elementor-widget-wrap elementor-element-populated\">\n\t\t\t\t\t\t<section class=\"elementor-section elementor-inner-section elementor-element elementor-element-52542dc elementor-section-boxed elementor-section-height-default elementor-section-height-default\" data-id=\"52542dc\" data-element_type=\"section\" data-settings=\"{&quot;jet_parallax_layout_list&quot;:[]}\">\n\t\t\t\t\t\t<div class=\"elementor-container elementor-column-gap-default\">\n\t\t\t\t\t<div class=\"elementor-column elementor-col-50 elementor-inner-column elementor-element elementor-element-13e9ff6\" data-id=\"13e9ff6\" data-element_type=\"column\">\n\t\t\t<div class=\"elementor-widget-wrap elementor-element-populated\">\n\t\t\t\t\t\t<div class=\"elementor-element elementor-element-275e19c elementor-widget elementor-widget-heading\" data-id=\"275e19c\" data-element_type=\"widget\" data-widget_type=\"heading.default\">\n\t\t\t\t<div class=\"elementor-widget-container\">\n\t\t\t\t\t<h2 class=\"elementor-heading-title elementor-size-default\">Pulpeter<\/h2>\t\t\t\t<\/div>\n\t\t\t\t<\/div>\n\t\t\t\t<div class=\"elementor-element elementor-element-a3ab8b5 elementor-widget elementor-widget-text-editor\" data-id=\"a3ab8b5\" data-element_type=\"widget\" data-widget_type=\"text-editor.default\">\n\t\t\t\t<div class=\"elementor-widget-container\">\n\t\t\t\t\t\t\t\t\t<p>The gable has adjustable feet with an adjustment range of 25mm.<\/p>\n\t\t\t\t\t\t\t\t<\/div>\n\t\t\t\t<\/div>\n\t\t\t\t\t<\/div>\n\t\t<\/div>\n\t\t\t\t<div class=\"elementor-column elementor-col-50 elementor-inner-column elementor-element elementor-element-d9ae24d\" data-id=\"d9ae24d\" data-element_type=\"column\">\n\t\t\t<div class=\"elementor-widget-wrap\">\n\t\t\t\t\t\t\t<\/div>\n\t\t<\/div>\n\t\t\t\t\t<\/div>\n\t\t<\/section>\n\t\t\t\t\t<\/div>\n\t\t<\/div>\n\t\t\t\t\t<\/div>\n\t\t<\/section>\n\t\t\t\t<section class=\"elementor-section elementor-top-section elementor-element elementor-element-7d89a56 elementor-section-boxed elementor-section-height-default elementor-section-height-default\" data-id=\"7d89a56\" data-element_type=\"section\" data-settings=\"{&quot;jet_parallax_layout_list&quot;:[]}\">\n\t\t\t\t\t\t<div class=\"elementor-container elementor-column-gap-default\">\n\t\t\t\t\t<div class=\"elementor-column elementor-col-100 elementor-top-column elementor-element elementor-element-990087b\" data-id=\"990087b\" data-element_type=\"column\" data-settings=\"{&quot;background_background&quot;:&quot;classic&quot;}\">\n\t\t\t<div class=\"elementor-widget-wrap elementor-element-populated\">\n\t\t\t\t\t\t<section class=\"elementor-section elementor-inner-section elementor-element elementor-element-6677996 elementor-section-boxed elementor-section-height-default elementor-section-height-default\" data-id=\"6677996\" data-element_type=\"section\" data-settings=\"{&quot;jet_parallax_layout_list&quot;:[]}\">\n\t\t\t\t\t\t<div class=\"elementor-container elementor-column-gap-default\">\n\t\t\t\t\t<div class=\"elementor-column elementor-col-50 elementor-inner-column elementor-element elementor-element-453c478\" data-id=\"453c478\" data-element_type=\"column\" data-settings=\"{&quot;background_background&quot;:&quot;gradient&quot;}\">\n\t\t\t<div class=\"elementor-widget-wrap elementor-element-populated\">\n\t\t\t\t\t\t<div class=\"elementor-element elementor-element-33a397b elementor-widget elementor-widget-spacer\" data-id=\"33a397b\" data-element_type=\"widget\" data-widget_type=\"spacer.default\">\n\t\t\t\t<div class=\"elementor-widget-container\">\n\t\t\t\t\t\t\t<div class=\"elementor-spacer\">\n\t\t\t<div class=\"elementor-spacer-inner\"><\/div>\n\t\t<\/div>\n\t\t\t\t\t\t<\/div>\n\t\t\t\t<\/div>\n\t\t\t\t\t<\/div>\n\t\t<\/div>\n\t\t\t\t<div class=\"elementor-column elementor-col-50 elementor-inner-column elementor-element elementor-element-dda290a\" data-id=\"dda290a\" data-element_type=\"column\">\n\t\t\t<div class=\"elementor-widget-wrap elementor-element-populated\">\n\t\t\t\t\t\t<div class=\"elementor-element elementor-element-57e90f3 elementor-widget elementor-widget-jet-listing-grid\" data-id=\"57e90f3\" data-element_type=\"widget\" data-settings=\"{&quot;columns&quot;:&quot;2&quot;,&quot;columns_tablet&quot;:&quot;2&quot;,&quot;columns_mobile&quot;:&quot;1&quot;}\" data-widget_type=\"jet-listing-grid.default\">\n\t\t\t\t<div class=\"elementor-widget-container\">\n\t\t\t\t\t<div class=\"jet-listing-grid jet-listing\"><div class=\"jet-listing-grid__items grid-col-desk-2 grid-col-tablet-2 grid-col-mobile-1 jet-listing-grid--573\" data-queried-id=\"1444|WP_Post\" data-nav=\"{&quot;enabled&quot;:false,&quot;type&quot;:null,&quot;more_el&quot;:null,&quot;query&quot;:[],&quot;widget_settings&quot;:{&quot;lisitng_id&quot;:573,&quot;posts_num&quot;:99,&quot;columns&quot;:2,&quot;columns_tablet&quot;:2,&quot;columns_mobile&quot;:1,&quot;column_min_width&quot;:240,&quot;column_min_width_tablet&quot;:240,&quot;column_min_width_mobile&quot;:240,&quot;inline_columns_css&quot;:false,&quot;is_archive_template&quot;:&quot;&quot;,&quot;post_status&quot;:[&quot;publish&quot;],&quot;use_random_posts_num&quot;:&quot;&quot;,&quot;max_posts_num&quot;:9,&quot;not_found_message&quot;:&quot;No data was found&quot;,&quot;is_masonry&quot;:false,&quot;equal_columns_height&quot;:&quot;&quot;,&quot;use_load_more&quot;:&quot;&quot;,&quot;load_more_id&quot;:&quot;&quot;,&quot;load_more_type&quot;:&quot;click&quot;,&quot;load_more_offset&quot;:{&quot;unit&quot;:&quot;px&quot;,&quot;size&quot;:0,&quot;sizes&quot;:[]},&quot;use_custom_post_types&quot;:&quot;&quot;,&quot;custom_post_types&quot;:[],&quot;hide_widget_if&quot;:&quot;&quot;,&quot;carousel_enabled&quot;:&quot;&quot;,&quot;slides_to_scroll&quot;:&quot;1&quot;,&quot;arrows&quot;:&quot;true&quot;,&quot;arrow_icon&quot;:&quot;fa fa-angle-left&quot;,&quot;dots&quot;:&quot;&quot;,&quot;autoplay&quot;:&quot;true&quot;,&quot;pause_on_hover&quot;:&quot;true&quot;,&quot;autoplay_speed&quot;:5000,&quot;infinite&quot;:&quot;true&quot;,&quot;center_mode&quot;:&quot;&quot;,&quot;effect&quot;:&quot;slide&quot;,&quot;speed&quot;:500,&quot;inject_alternative_items&quot;:&quot;&quot;,&quot;injection_items&quot;:[],&quot;scroll_slider_enabled&quot;:&quot;&quot;,&quot;scroll_slider_on&quot;:[&quot;desktop&quot;,&quot;tablet&quot;,&quot;mobile&quot;],&quot;custom_query&quot;:false,&quot;custom_query_id&quot;:&quot;&quot;,&quot;_element_id&quot;:&quot;&quot;,&quot;collapse_first_last_gap&quot;:false,&quot;list_items_wrapper_tag&quot;:&quot;div&quot;,&quot;list_item_tag&quot;:&quot;div&quot;,&quot;empty_items_wrapper_tag&quot;:&quot;div&quot;}}\" data-page=\"1\" data-pages=\"1\" data-listing-source=\"posts\" data-listing-id=\"573\" data-query-id=\"\"><div class=\"jet-listing-grid__item jet-listing-dynamic-post-617\" data-post-id=\"617\" >\t\t<div data-elementor-type=\"jet-listing-items\" data-elementor-id=\"573\" class=\"elementor elementor-573\" data-elementor-post-type=\"jet-engine\">\n\t\t\t\t\t\t<section class=\"elementor-section elementor-top-section elementor-element elementor-element-378ef46 elementor-section-boxed elementor-section-height-default elementor-section-height-default\" data-id=\"378ef46\" data-element_type=\"section\" data-settings=\"{&quot;jet_parallax_layout_list&quot;:[]}\">\n\t\t\t\t\t\t<div class=\"elementor-container elementor-column-gap-default\">\n\t\t\t\t\t<div class=\"elementor-column elementor-col-100 elementor-top-column elementor-element elementor-element-c3a9044\" data-id=\"c3a9044\" data-element_type=\"column\">\n\t\t\t<div class=\"elementor-widget-wrap elementor-element-populated\">\n\t\t\t\t\t\t<div class=\"jet-popup-target elementor-element elementor-element-3dd95bd elementor-widget elementor-widget-jet-listing-dynamic-image\" data-jet-popup=\"{&quot;attached-popup&quot;:&quot;jet-popup-2978&quot;,&quot;trigger-type&quot;:&quot;click-self&quot;,&quot;trigger-custom-selector&quot;:&quot;&quot;,&quot;is-jet-engine&quot;:true}\" data-id=\"3dd95bd\" data-element_type=\"widget\" data-widget_type=\"jet-listing-dynamic-image.default\">\n\t\t\t\t<div class=\"elementor-widget-container\">\n\t\t\t\t\t<div class=\"jet-listing jet-listing-dynamic-image\" ><a href=\"https:\/\/optimel.se\/en\/ws-produkter\/ws-pulp-sida\/\" class=\"jet-listing-dynamic-image__link\"><img fetchpriority=\"high\" decoding=\"async\" width=\"400\" height=\"450\" src=\"https:\/\/optimel.se\/wp-content\/uploads\/2023\/01\/WS-PULP-SIDA.jpg\" class=\"jet-listing-dynamic-image__img attachment-full size-full\" alt=\"WS-PULP-SIDA\" srcset=\"https:\/\/optimel.se\/wp-content\/uploads\/2023\/01\/WS-PULP-SIDA.jpg 400w, https:\/\/optimel.se\/wp-content\/uploads\/2023\/01\/WS-PULP-SIDA-267x300.jpg 267w\" sizes=\"(max-width: 400px) 100vw, 400px\" loading=\"eager\" \/><\/a><\/div>\t\t\t\t<\/div>\n\t\t\t\t<\/div>\n\t\t\t\t<div class=\"elementor-element elementor-element-6d40458 elementor-widget elementor-widget-jet-listing-dynamic-field\" data-id=\"6d40458\" data-element_type=\"widget\" data-widget_type=\"jet-listing-dynamic-field.default\">\n\t\t\t\t<div class=\"elementor-widget-container\">\n\t\t\t\t\t<div class=\"jet-listing jet-listing-dynamic-field display-inline\"><div class=\"jet-listing-dynamic-field__inline-wrap\"><div class=\"jet-listing-dynamic-field__content\">WS PULP SIDA<\/div><\/div><\/div>\t\t\t\t<\/div>\n\t\t\t\t<\/div>\n\t\t\t\t<div class=\"elementor-element elementor-element-dc159d2 elementor-widget elementor-widget-jet-listing-dynamic-field\" data-id=\"dc159d2\" data-element_type=\"widget\" data-widget_type=\"jet-listing-dynamic-field.default\">\n\t\t\t\t<div class=\"elementor-widget-container\">\n\t\t\t\t\t<div class=\"jet-listing jet-listing-dynamic-field display-inline\"><div class=\"jet-listing-dynamic-field__inline-wrap\"><div class=\"jet-listing-dynamic-field__content\">Pulpet gavelst\u00e4lld.<\/div><\/div><\/div>\t\t\t\t<\/div>\n\t\t\t\t<\/div>\n\t\t\t\t<div class=\"elementor-element elementor-element-5fe4646 elementor-widget elementor-widget-jet-listing-dynamic-field\" data-id=\"5fe4646\" data-element_type=\"widget\" data-widget_type=\"jet-listing-dynamic-field.default\">\n\t\t\t\t<div class=\"elementor-widget-container\">\n\t\t\t\t\t<div class=\"jet-listing jet-listing-dynamic-field display-inline\"><div class=\"jet-listing-dynamic-field__inline-wrap\"><div class=\"jet-listing-dynamic-field__content\"><p>Inneh\u00e5ller l\u00e5sbar l\u00e5da\/orderfack\/fack f\u00f6r dator, krok f\u00f6r jacka.<br \/>\nL\u00e5dstorlek x 1<br \/>\nB 610 x H 110 x D 250mm.<br \/>\nFack f\u00f6r station\u00e4r dator.<br \/>\nB 400 x H 450 x D 120mm.<br \/>\nOrderfack i \u00e4deltr\u00e4 alternativt pl\u00e5t.<br \/>\nPulpetskiva i \u00e4deltr\u00e4 alt. 20mm MDF<br \/>\nmed kantskoning i pl\u00e5t och ABS Pinseal.<br \/>\nModulstorlek<br \/>\nB 660 x H 1120 x D 300mm.<br \/>\nTillval:<br \/>\nFack f\u00f6r dator kan levereras med<br \/>\nl\u00e5sning<\/p>\n<\/div><\/div><\/div>\t\t\t\t<\/div>\n\t\t\t\t<\/div>\n\t\t\t\t\t<\/div>\n\t\t<\/div>\n\t\t\t\t\t<\/div>\n\t\t<\/section>\n\t\t\t\t<\/div>\n\t\t<\/div><div class=\"jet-listing-grid__item jet-listing-dynamic-post-616\" data-post-id=\"616\" >\t\t<div data-elementor-type=\"jet-listing-items\" data-elementor-id=\"573\" class=\"elementor elementor-573\" data-elementor-post-type=\"jet-engine\">\n\t\t\t\t\t\t<section class=\"elementor-section elementor-top-section elementor-element elementor-element-378ef46 elementor-section-boxed elementor-section-height-default elementor-section-height-default\" data-id=\"378ef46\" data-element_type=\"section\" data-settings=\"{&quot;jet_parallax_layout_list&quot;:[]}\">\n\t\t\t\t\t\t<div class=\"elementor-container elementor-column-gap-default\">\n\t\t\t\t\t<div class=\"elementor-column elementor-col-100 elementor-top-column elementor-element elementor-element-c3a9044\" data-id=\"c3a9044\" data-element_type=\"column\">\n\t\t\t<div class=\"elementor-widget-wrap elementor-element-populated\">\n\t\t\t\t\t\t<div class=\"jet-popup-target elementor-element elementor-element-3dd95bd elementor-widget elementor-widget-jet-listing-dynamic-image\" data-jet-popup=\"{&quot;attached-popup&quot;:&quot;jet-popup-2978&quot;,&quot;trigger-type&quot;:&quot;click-self&quot;,&quot;trigger-custom-selector&quot;:&quot;&quot;,&quot;is-jet-engine&quot;:true}\" data-id=\"3dd95bd\" data-element_type=\"widget\" data-widget_type=\"jet-listing-dynamic-image.default\">\n\t\t\t\t<div class=\"elementor-widget-container\">\n\t\t\t\t\t<div class=\"jet-listing jet-listing-dynamic-image\" ><a href=\"https:\/\/optimel.se\/en\/ws-produkter\/ws-pulp-1100\/\" class=\"jet-listing-dynamic-image__link\"><img decoding=\"async\" width=\"400\" height=\"450\" src=\"https:\/\/optimel.se\/wp-content\/uploads\/2023\/01\/WS-PULP-1100.jpg\" class=\"jet-listing-dynamic-image__img attachment-full size-full\" alt=\"WS-PULP-1100\" srcset=\"https:\/\/optimel.se\/wp-content\/uploads\/2023\/01\/WS-PULP-1100.jpg 400w, https:\/\/optimel.se\/wp-content\/uploads\/2023\/01\/WS-PULP-1100-267x300.jpg 267w\" sizes=\"(max-width: 400px) 100vw, 400px\" loading=\"eager\" \/><\/a><\/div>\t\t\t\t<\/div>\n\t\t\t\t<\/div>\n\t\t\t\t<div class=\"elementor-element elementor-element-6d40458 elementor-widget elementor-widget-jet-listing-dynamic-field\" data-id=\"6d40458\" data-element_type=\"widget\" data-widget_type=\"jet-listing-dynamic-field.default\">\n\t\t\t\t<div class=\"elementor-widget-container\">\n\t\t\t\t\t<div class=\"jet-listing jet-listing-dynamic-field display-inline\"><div class=\"jet-listing-dynamic-field__inline-wrap\"><div class=\"jet-listing-dynamic-field__content\">WS PULP 800<\/div><\/div><\/div>\t\t\t\t<\/div>\n\t\t\t\t<\/div>\n\t\t\t\t<div class=\"elementor-element elementor-element-dc159d2 elementor-widget elementor-widget-jet-listing-dynamic-field\" data-id=\"dc159d2\" data-element_type=\"widget\" data-widget_type=\"jet-listing-dynamic-field.default\">\n\t\t\t\t<div class=\"elementor-widget-container\">\n\t\t\t\t\t<div class=\"jet-listing jet-listing-dynamic-field display-inline\"><div class=\"jet-listing-dynamic-field__inline-wrap\"><div class=\"jet-listing-dynamic-field__content\">Pulpetsk\u00e5p f\u00f6r data\/skrivare.<\/div><\/div><\/div>\t\t\t\t<\/div>\n\t\t\t\t<\/div>\n\t\t\t\t<div class=\"elementor-element elementor-element-5fe4646 elementor-widget elementor-widget-jet-listing-dynamic-field\" data-id=\"5fe4646\" data-element_type=\"widget\" data-widget_type=\"jet-listing-dynamic-field.default\">\n\t\t\t\t<div class=\"elementor-widget-container\">\n\t\t\t\t\t<div class=\"jet-listing jet-listing-dynamic-field display-inline\"><div class=\"jet-listing-dynamic-field__inline-wrap\"><div class=\"jet-listing-dynamic-field__content\"><p>Inneh\u00e5ller l\u00e5sbar l\u00e5da.<br \/>\nL\u00e5dstorlek x 1<br \/>\nB 710 x H 110 x D 440mm.<br \/>\nSk\u00e5p med justerbar hylla i 40mm steg.<br \/>\nModulstorlek<br \/>\nB 800 x H 1120 x D 660mm.<br \/>\nTillval:<br \/>\nH\u00f6ger pulpetd\u00f6rr kan f\u00f6rses med \u00f6ppning<br \/>\nf\u00f6r utmatning av papper fr\u00e5n skrivare.<\/p>\n<\/div><\/div><\/div>\t\t\t\t<\/div>\n\t\t\t\t<\/div>\n\t\t\t\t\t<\/div>\n\t\t<\/div>\n\t\t\t\t\t<\/div>\n\t\t<\/section>\n\t\t\t\t<\/div>\n\t\t<\/div><div class=\"jet-listing-grid__item jet-listing-dynamic-post-612\" data-post-id=\"612\" >\t\t<div data-elementor-type=\"jet-listing-items\" data-elementor-id=\"573\" class=\"elementor elementor-573\" data-elementor-post-type=\"jet-engine\">\n\t\t\t\t\t\t<section class=\"elementor-section elementor-top-section elementor-element elementor-element-378ef46 elementor-section-boxed elementor-section-height-default elementor-section-height-default\" data-id=\"378ef46\" data-element_type=\"section\" data-settings=\"{&quot;jet_parallax_layout_list&quot;:[]}\">\n\t\t\t\t\t\t<div class=\"elementor-container elementor-column-gap-default\">\n\t\t\t\t\t<div class=\"elementor-column elementor-col-100 elementor-top-column elementor-element elementor-element-c3a9044\" data-id=\"c3a9044\" data-element_type=\"column\">\n\t\t\t<div class=\"elementor-widget-wrap elementor-element-populated\">\n\t\t\t\t\t\t<div class=\"jet-popup-target elementor-element elementor-element-3dd95bd elementor-widget elementor-widget-jet-listing-dynamic-image\" data-jet-popup=\"{&quot;attached-popup&quot;:&quot;jet-popup-2978&quot;,&quot;trigger-type&quot;:&quot;click-self&quot;,&quot;trigger-custom-selector&quot;:&quot;&quot;,&quot;is-jet-engine&quot;:true}\" data-id=\"3dd95bd\" data-element_type=\"widget\" data-widget_type=\"jet-listing-dynamic-image.default\">\n\t\t\t\t<div class=\"elementor-widget-container\">\n\t\t\t\t\t<div class=\"jet-listing jet-listing-dynamic-image\" ><a href=\"https:\/\/optimel.se\/en\/ws-produkter\/ws-pulp-900\/\" class=\"jet-listing-dynamic-image__link\"><img decoding=\"async\" width=\"400\" height=\"450\" src=\"https:\/\/optimel.se\/wp-content\/uploads\/2023\/01\/WS-PULP-900.jpg\" class=\"jet-listing-dynamic-image__img attachment-full size-full\" alt=\"WS-PULP-900\" srcset=\"https:\/\/optimel.se\/wp-content\/uploads\/2023\/01\/WS-PULP-900.jpg 400w, https:\/\/optimel.se\/wp-content\/uploads\/2023\/01\/WS-PULP-900-267x300.jpg 267w\" sizes=\"(max-width: 400px) 100vw, 400px\" loading=\"eager\" \/><\/a><\/div>\t\t\t\t<\/div>\n\t\t\t\t<\/div>\n\t\t\t\t<div class=\"elementor-element elementor-element-6d40458 elementor-widget elementor-widget-jet-listing-dynamic-field\" data-id=\"6d40458\" data-element_type=\"widget\" data-widget_type=\"jet-listing-dynamic-field.default\">\n\t\t\t\t<div class=\"elementor-widget-container\">\n\t\t\t\t\t<div class=\"jet-listing jet-listing-dynamic-field display-inline\"><div class=\"jet-listing-dynamic-field__inline-wrap\"><div class=\"jet-listing-dynamic-field__content\">WS PULP 900<\/div><\/div><\/div>\t\t\t\t<\/div>\n\t\t\t\t<\/div>\n\t\t\t\t<div class=\"elementor-element elementor-element-dc159d2 elementor-widget elementor-widget-jet-listing-dynamic-field\" data-id=\"dc159d2\" data-element_type=\"widget\" data-widget_type=\"jet-listing-dynamic-field.default\">\n\t\t\t\t<div class=\"elementor-widget-container\">\n\t\t\t\t\t<div class=\"jet-listing jet-listing-dynamic-field display-inline\"><div class=\"jet-listing-dynamic-field__inline-wrap\"><div class=\"jet-listing-dynamic-field__content\">Pulpetsk\u00e5p f\u00f6r data\/skrivare.<\/div><\/div><\/div>\t\t\t\t<\/div>\n\t\t\t\t<\/div>\n\t\t\t\t<div class=\"elementor-element elementor-element-5fe4646 elementor-widget elementor-widget-jet-listing-dynamic-field\" data-id=\"5fe4646\" data-element_type=\"widget\" data-widget_type=\"jet-listing-dynamic-field.default\">\n\t\t\t\t<div class=\"elementor-widget-container\">\n\t\t\t\t\t<div class=\"jet-listing jet-listing-dynamic-field display-inline\"><div class=\"jet-listing-dynamic-field__inline-wrap\"><div class=\"jet-listing-dynamic-field__content\"><p>Inneh\u00e5ller l\u00e5sbar l\u00e5da.<br \/>\nL\u00e5dstorlek x 1<br \/>\nB 810 x H 110 x D 440mm.<br \/>\nSk\u00e5p med justerbar hylla i 40mm steg.<br \/>\nB 840 x H 880 x D 660mm.<br \/>\nModulstorlek<br \/>\nB 900 x H 880 x D 660mm.<br \/>\nTillval:<br \/>\nH\u00f6ger pulpetd\u00f6rr kan f\u00f6rses med \u00f6ppning<br \/>\nf\u00f6r utmatning av papper fr\u00e5n skrivare.<br \/>\nElkanal Thorsman INKA 250mm.<\/p>\n<\/div><\/div><\/div>\t\t\t\t<\/div>\n\t\t\t\t<\/div>\n\t\t\t\t\t<\/div>\n\t\t<\/div>\n\t\t\t\t\t<\/div>\n\t\t<\/section>\n\t\t\t\t<\/div>\n\t\t<\/div><\/div><\/div>\t\t\t\t<\/div>\n\t\t\t\t<\/div>\n\t\t\t\t\t<\/div>\n\t\t<\/div>\n\t\t\t\t\t<\/div>\n\t\t<\/section>\n\t\t\t\t\t<\/div>\n\t\t<\/div>\n\t\t\t\t\t<\/div>\n\t\t<\/section>\n\t\t\t\t<section class=\"elementor-section elementor-top-section elementor-element elementor-element-880d7c1 elementor-section-boxed elementor-section-height-default elementor-section-height-default\" data-id=\"880d7c1\" data-element_type=\"section\" data-settings=\"{&quot;jet_parallax_layout_list&quot;:[]}\">\n\t\t\t\t\t\t<div class=\"elementor-container elementor-column-gap-default\">\n\t\t\t\t\t<div class=\"elementor-column elementor-col-100 elementor-top-column elementor-element elementor-element-195e993\" data-id=\"195e993\" data-element_type=\"column\" data-settings=\"{&quot;background_background&quot;:&quot;classic&quot;}\">\n\t\t\t<div class=\"elementor-widget-wrap elementor-element-populated\">\n\t\t\t\t\t\t<div class=\"elementor-element elementor-element-dbb1621 elementor-widget elementor-widget-text-editor\" data-id=\"dbb1621\" data-element_type=\"widget\" data-widget_type=\"text-editor.default\">\n\t\t\t\t<div class=\"elementor-widget-container\">\n\t\t\t\t\t\t\t\t\t<\/p>\n\t\t\t\t\t\t\t\t<\/div>\n\t\t\t\t<\/div>\n\t\t\t\t\t<\/div>\n\t\t<\/div>\n\t\t\t\t\t<\/div>\n\t\t<\/section>\n\t\t\t\t<\/div>\n\t\t","protected":false},"excerpt":{"rendered":"<p>Pulpeter The gable has adjustable feet with an adjustment range of 25mm. WS PULP SIDA Pulpet gavelst\u00e4lld. Inneh\u00e5ller l\u00e5sbar l\u00e5da\/orderfack\/fack f\u00f6r dator, krok f\u00f6r jacka. L\u00e5dstorlek x 1 B 610 x H 110 x D 250mm. Fack f\u00f6r station\u00e4r dator. B 400 x H 450 x D 120mm. Orderfack i \u00e4deltr\u00e4 alternativt pl\u00e5t. Pulpetskiva i [&hellip;]<\/p>\n","protected":false},"author":3,"featured_media":0,"parent":0,"menu_order":0,"comment_status":"closed","ping_status":"closed","template":"","meta":{"footnotes":""},"class_list":["post-1444","page","type-page","status-publish","hentry"],"_links":{"self":[{"href":"https:\/\/optimel.se\/en\/wp-json\/wp\/v2\/pages\/1444","targetHints":{"allow":["GET"]}}],"collection":[{"href":"https:\/\/optimel.se\/en\/wp-json\/wp\/v2\/pages"}],"about":[{"href":"https:\/\/optimel.se\/en\/wp-json\/wp\/v2\/types\/page"}],"author":[{"embeddable":true,"href":"https:\/\/optimel.se\/en\/wp-json\/wp\/v2\/users\/3"}],"replies":[{"embeddable":true,"href":"https:\/\/optimel.se\/en\/wp-json\/wp\/v2\/comments?post=1444"}],"version-history":[{"count":2,"href":"https:\/\/optimel.se\/en\/wp-json\/wp\/v2\/pages\/1444\/revisions"}],"predecessor-version":[{"id":1449,"href":"https:\/\/optimel.se\/en\/wp-json\/wp\/v2\/pages\/1444\/revisions\/1449"}],"wp:attachment":[{"href":"https:\/\/optimel.se\/en\/wp-json\/wp\/v2\/media?parent=1444"}],"curies":[{"name":"wp","href":"https:\/\/api.w.org\/{rel}","templated":true}]}}